{"id":7196,"date":"2018-03-22T01:51:34","date_gmt":"2018-03-22T00:51:34","guid":{"rendered":"https:\/\/centrumdobrejnowiny.pl\/zostan-wolontariuszem\/"},"modified":"2018-05-20T21:13:19","modified_gmt":"2018-05-20T19:13:19","slug":"become-a-volunteer","status":"publish","type":"page","link":"https:\/\/centrumdobrejnowiny.pl\/en\/support-us\/become-a-volunteer\/","title":{"rendered":"Become a volunteer"},"content":{"rendered":"<p>[et_pb_section fb_built=&#8221;1&#8243; fullwidth=&#8221;on&#8221; _builder_version=&#8221;3.0.106&#8243;][et_pb_fullwidth_header title=&#8221;BECOME A VOLUNTEER&#8221; text_orientation=&#8221;center&#8221; background_overlay_color=&#8221;rgba(55,159,211,0.58)&#8221; logo_image_url=&#8221;https:\/\/centrumdobrejnowiny.pl\/wp-content\/uploads\/2018\/03\/icon-heart-90&#215;90-white.png&#8221; _builder_version=&#8221;3.2&#8243; title_font=&#8221;Montserrat|600||on|||||&#8221; title_text_align=&#8221;center&#8221; title_font_size=&#8221;28px&#8221; title_font_size_tablet=&#8221;24px&#8221; title_font_size_phone=&#8221;20px&#8221; title_font_size_last_edited=&#8221;on|phone&#8221; content_font_size=&#8221;17px&#8221; background_image=&#8221;https:\/\/centrumdobrejnowiny.pl\/wp-content\/uploads\/2018\/04\/serce_na_dloni.jpg&#8221; background_repeat=&#8221;repeat&#8221; custom_padding=&#8221;95px||95px||true&#8221;]<\/p>\n<p><em>\u201eYou did not choose me, no, I chose you; and I commissioned<br \/> you to go out and to bear fruit, fruit that will last\/<\/em><em>\u201d<\/em><br \/> John 15, 16<\/p>\n<p>[\/et_pb_fullwidth_header][\/et_pb_section][et_pb_section fb_built=&#8221;1&#8243; _builder_version=&#8221;3.0.106&#8243; background_color=&#8221;rgba(242,242,242,0.45)&#8221; custom_padding=&#8221;41px|0px|8px|0px&#8221; saved_tabs=&#8221;all&#8221;][et_pb_row custom_padding=&#8221;28.5px|0px|24px|0px&#8221; _builder_version=&#8221;3.0.90&#8243; border_color_all=&#8221;#379fd3&#8243;][et_pb_column type=&#8221;4_4&#8243; _builder_version=&#8221;3.0.47&#8243; parallax=&#8221;off&#8221; parallax_method=&#8221;on&#8221;][et_pb_text _builder_version=&#8221;3.0.106&#8243; text_font=&#8221;||||||||&#8221; text_text_color=&#8221;#414040&#8243; text_font_size=&#8221;18px&#8221; text_line_height=&#8221;1.8em&#8221; header_font=&#8221;||||||||&#8221; header_3_font=&#8221;|700||on|||||&#8221; text_orientation=&#8221;center&#8221; custom_margin=&#8221;0px|0px|0px|0px&#8221; custom_padding=&#8221;15px||5px|&#8221;]Do you want to <strong>PULL HEAVEN DOWN TO EARTH<\/strong> with us?<br \/>\nDo you cry out <strong>THY KINGDOM COME<\/strong>?<br \/>\nGod has found a way for that. Would you like to join the efforts on executing it?<br \/>\n[\/et_pb_text][et_pb_text _builder_version=&#8221;3.0.106&#8243; text_font=&#8221;||||||||&#8221; text_text_color=&#8221;#414040&#8243; text_font_size=&#8221;18px&#8221; header_font=&#8221;||||||||&#8221; header_3_font=&#8221;|700||on|||||&#8221; header_4_font=&#8221;|600||on|||||&#8221; header_4_line_height=&#8221;1.2em&#8221; text_orientation=&#8221;center&#8221; custom_margin=&#8221;40px|0px|0px|0px&#8221; custom_padding=&#8221;0px||0px|&#8221;]<\/p>\n<h4>Support us with your talents, involvement, time and ideas.<\/h4>\n<p>[\/et_pb_text][\/et_pb_column][\/et_pb_row][\/et_pb_section][et_pb_section fb_built=&#8221;1&#8243; _builder_version=&#8221;3.0.106&#8243; background_color=&#8221;rgba(242,242,242,0.45)&#8221; custom_margin=&#8221;|||&#8221; custom_padding=&#8221;0|0px|57px|0px&#8221; saved_tabs=&#8221;all&#8221;][et_pb_row custom_padding=&#8221;0|0px|0|0px&#8221; _builder_version=&#8221;3.0.106&#8243;][et_pb_column type=&#8221;1_2&#8243; _builder_version=&#8221;3.0.47&#8243; parallax=&#8221;off&#8221; parallax_method=&#8221;on&#8221;][et_pb_text _builder_version=&#8221;3.0.106&#8243; text_font=&#8221;||||||||&#8221; text_text_color=&#8221;#414040&#8243; text_font_size=&#8221;18px&#8221; header_font=&#8221;||||||||&#8221; header_3_font=&#8221;|700||on|||||&#8221; header_4_font=&#8221;|600||on|||||&#8221; header_4_line_height=&#8221;1.2em&#8221; custom_margin=&#8221;0px|0px|0px|0px&#8221; custom_padding=&#8221;15px||5px|&#8221;]<\/p>\n<h4>What can you do?<\/h4>\n<ul>\n<li><span style=\"color: #379fd3; text-transform: uppercase;\"><strong>TELL<\/strong><\/span>\u00a0\u00a0your friends and family what we do and how can they help us;<\/li>\n<li><span style=\"color: #379fd3; text-transform: uppercase;\"><strong>TAKE PART<\/strong><\/span>\u00a0in the events promoting the Foundation&#8217;s activity;<\/li>\n<li><span style=\"color: #379fd3; text-transform: uppercase;\"><strong>GET INVOLVED<\/strong><\/span>\u00a0in promoting in social media;<\/li>\n<li><span style=\"color: #379fd3; text-transform: uppercase;\"><strong>help<\/strong><\/span>\u00a0by finding companies and people ready to finance our act;<\/li>\n<li><span style=\"color: #379fd3; text-transform: uppercase;\"><strong>inspire<\/strong><\/span>\u00a0new nowe activities,<\/li>\n<li><span style=\"color: #379fd3; text-transform: uppercase;\"><strong>engage<\/strong><\/span>\u00a0in carrying out our projects.<\/li>\n<\/ul>\n<p>Do you have other ideas for sharing the information about the Foundation&#8217;s projects?<\/p>\n<p>Or maybe you have an idea for a new project?<br \/>\nWrite or call us, let the divine things happen!<br \/>\n[\/et_pb_text][\/et_pb_column][et_pb_column type=&#8221;1_2&#8243; _builder_version=&#8221;3.0.47&#8243; parallax=&#8221;off&#8221; parallax_method=&#8221;on&#8221;][et_pb_slider _builder_version=&#8221;3.2&#8243; body_font=&#8221;||||||||&#8221; auto=&#8221;on&#8221; auto_speed=&#8221;5000&#8243; auto_ignore_hover=&#8221;on&#8221;][et_pb_slide use_bg_overlay=&#8221;off&#8221; use_text_overlay=&#8221;off&#8221; _builder_version=&#8221;3.2&#8243; body_font_size=&#8221;24&#8243; body_font_size_tablet=&#8221;24&#8243; body_font_size_phone=&#8221;24&#8243; background_color=&#8221;#ffffff&#8221; background_image=&#8221;https:\/\/centrumdobrejnowiny.pl\/wp-content\/uploads\/2018\/03\/foto7.jpeg&#8221; button_on_hover=&#8221;on&#8221; background_layout=&#8221;light&#8221;]<\/p>\n<p><em>\u201eThe harvest is rich but the labourers are few.\u201d<br \/> Luke 10, 2<\/em><\/p>\n<p>[\/et_pb_slide][et_pb_slide use_bg_overlay=&#8221;off&#8221; use_text_overlay=&#8221;off&#8221; _builder_version=&#8221;3.2&#8243; body_font=&#8221;||||||||&#8221; body_font_size=&#8221;24px&#8221; background_color=&#8221;#ffffff&#8221; background_image=&#8221;https:\/\/centrumdobrejnowiny.pl\/wp-content\/uploads\/2018\/03\/foto7.jpeg&#8221; button_on_hover=&#8221;on&#8221; background_layout=&#8221;light&#8221;]<\/p>\n<p><em>\u201eAnother to whom he said, Follow me, replied, Let me go and bury my father first. But he answered, Leave the dead to bury their dead; your duty is to go and spread the news of the kingdom of God.\u201d<br \/> Luke 9, 59-60<\/em><\/p>\n<p>[\/et_pb_slide][et_pb_slide use_bg_overlay=&#8221;off&#8221; use_text_overlay=&#8221;off&#8221; _builder_version=&#8221;3.2&#8243; body_font=&#8221;||||||||&#8221; body_font_size=&#8221;24px&#8221; background_color=&#8221;#ffffff&#8221; background_image=&#8221;https:\/\/centrumdobrejnowiny.pl\/wp-content\/uploads\/2018\/03\/foto7.jpeg&#8221; button_on_hover=&#8221;on&#8221; background_layout=&#8221;light&#8221;]<em>\u201eGo out to the whole world; proclaim the gospel to all creation.\u201d<br \/>\nMark 16, 15<\/em><br \/>\n[\/et_pb_slide][et_pb_slide use_bg_overlay=&#8221;off&#8221; use_text_overlay=&#8221;off&#8221; _builder_version=&#8221;3.2&#8243; body_font=&#8221;||||||||&#8221; body_font_size=&#8221;24px&#8221; background_color=&#8221;#ffffff&#8221; background_image=&#8221;https:\/\/centrumdobrejnowiny.pl\/wp-content\/uploads\/2018\/03\/foto7.jpeg&#8221; button_on_hover=&#8221;on&#8221; background_layout=&#8221;light&#8221;]<em>\u201eAnd let us never slacken in doing good; for if we do not give up, we shall have our harvest in due time.\u201d<br \/>\nGalatians 6, 9<\/em>[\/et_pb_slide][et_pb_slide use_bg_overlay=&#8221;off&#8221; use_text_overlay=&#8221;off&#8221; _builder_version=&#8221;3.2&#8243; body_font=&#8221;||||||||&#8221; body_font_size=&#8221;24px&#8221; background_color=&#8221;#ffffff&#8221; background_image=&#8221;https:\/\/centrumdobrejnowiny.pl\/wp-content\/uploads\/2018\/03\/foto7.jpeg&#8221; button_on_hover=&#8221;on&#8221; background_layout=&#8221;light&#8221;]<\/p>\n<p><em>\u201e(\u2026) whatever else you do, do it all for the glory of God.\u201d<br \/> 1 Corinthians 10, 31<\/em><\/p>\n<p>[\/et_pb_slide][\/et_pb_slider][\/et_pb_column][\/et_pb_row][\/et_pb_section][et_pb_section fb_built=&#8221;1&#8243; _builder_version=&#8221;3.2&#8243; background_color=&#8221;rgba(255,255,255,0.45)&#8221; parallax=&#8221;on&#8221; custom_padding=&#8221;43px|0px|47px|0px&#8221;][et_pb_row custom_padding=&#8221;0|0px|56px|0px&#8221; _builder_version=&#8221;3.0.106&#8243;][et_pb_column type=&#8221;1_2&#8243; _builder_version=&#8221;3.0.47&#8243; parallax=&#8221;off&#8221; parallax_method=&#8221;on&#8221;][et_pb_text _builder_version=&#8221;3.0.106&#8243; header_font=&#8221;||||||||&#8221; header_3_font=&#8221;|600||on|||||&#8221; border_color_all=&#8221;#379fd3&#8243; custom_margin=&#8221;0px|||&#8221; custom_padding=&#8221;0px|||&#8221;]<\/p>\n<h3>COME ON, WRITE TO US!<\/h3>\n<p>[\/et_pb_text][et_pb_contact_form email=&#8221;kontakt@centrumdobrejnowiny.pl&#8221; custom_message=&#8221;Nadawca: %%name%%||et_pb_line_break_holder||Adres mailowy: %%email%%||et_pb_line_break_holder||||et_pb_line_break_holder||Wiadomo\u015b\u0107:||et_pb_line_break_holder|| %%message%%||et_pb_line_break_holder||||et_pb_line_break_holder||&#8212;&#8212;&#8212;&#8212;&#8212;&#8212;&#8212;&#8212;&#8212;&#8212;&#8212;&#8212;&#8212;&#8212;&#8212;&#8212;&#8212;&#8212;&#8212;&#8212;&#8212;&#8212;&#8212;&#8212;&#8212;&#8212;&#8212;&#8212;&#8212;-||et_pb_line_break_holder||Wiadomo\u015b\u0107 wys\u0142ana z formularza kontaktowego z strony internetowej Centrum Dobrej Nowiny.&#8221; submit_button_text=&#8221;Send&#8221; form_background_color=&#8221;#ffffff&#8221; module_id=&#8221;et_pb_contact_form_0&#8243; _builder_version=&#8221;3.2&#8243; form_field_font=&#8221;||||||||&#8221; form_field_text_color=&#8221;#979aa1&#8243; border_width_bottom=&#8221;2px&#8221; border_color_bottom=&#8221;#379fd3&#8243;][et_pb_contact_field field_id=&#8221;Name&#8221; field_title=&#8221;Your name&#8221; _builder_version=&#8221;3.0.106&#8243; form_field_font=&#8221;||||||||&#8221; border_radii=&#8221;on||||&#8221;][\/et_pb_contact_field][et_pb_contact_field field_id=&#8221;Email&#8221; field_title=&#8221;Your e-mail address&#8221; field_type=&#8221;email&#8221; _builder_version=&#8221;3.0.106&#8243; border_radii=&#8221;on||||&#8221;][\/et_pb_contact_field][et_pb_contact_field field_id=&#8221;Message&#8221; field_title=&#8221;Your message&#8221; field_type=&#8221;text&#8221; fullwidth_field=&#8221;on&#8221; _builder_version=&#8221;3.0.106&#8243; border_radii=&#8221;on||||&#8221;][\/et_pb_contact_field][\/et_pb_contact_form][\/et_pb_column][et_pb_column type=&#8221;1_2&#8243; _builder_version=&#8221;3.0.47&#8243; parallax=&#8221;off&#8221; parallax_method=&#8221;on&#8221;][et_pb_text _builder_version=&#8221;3.0.106&#8243; text_font=&#8221;||||||||&#8221; text_text_color=&#8221;#379fd3&#8243; text_font_size=&#8221;20px&#8221; header_font=&#8221;||||||||&#8221; header_3_font=&#8221;|700||on|||||&#8221; header_4_font=&#8221;|600||on|||||&#8221; text_orientation=&#8221;center&#8221; custom_margin=&#8221;0px|0px|0px|0px&#8221; custom_padding=&#8221;15px||5px|&#8221;]<\/p>\n<p><span style=\"font-size: 20px;\"><strong><em>Let the divine things happen!!!\u00a0<\/em><\/strong><\/span><\/p>\n<p><strong><em>Let every aspect of earthly reality be permeated by the truth of the <\/em><\/strong><\/p>\n<p><strong>Word of God!!!<\/strong><\/p>\n<p><strong>Let&#8217;s introduce the God&#8217;s standards to everyday life together!!!<\/strong><\/p>\n<p>&nbsp;<\/p>\n<p>[\/et_pb_text][et_pb_text _builder_version=&#8221;3.0.106&#8243; text_font=&#8221;||||||||&#8221; text_font_size=&#8221;18px&#8221; header_font=&#8221;||||||||&#8221; background_color=&#8221;#379fd3&#8243; border_radii=&#8221;on|8px|8px|8px|8px&#8221; border_width_all=&#8221;1px&#8221; border_color_all=&#8221;#379fd3&#8243; text_orientation=&#8221;center&#8221; background_layout=&#8221;dark&#8221; max_width=&#8221;34%&#8221; module_alignment=&#8221;center&#8221; custom_padding=&#8221;10px||10px|&#8221;]<strong>SAY YES TO GOD!!!<\/strong><br \/>\n[\/et_pb_text][et_pb_button _builder_version=&#8221;3.0.106&#8243;][\/et_pb_button][\/et_pb_column][\/et_pb_row][\/et_pb_section][et_pb_section fb_built=&#8221;1&#8243; _builder_version=&#8221;3.0.106&#8243; background_color=&#8221;rgba(242,242,242,0.45)&#8221; parallax=&#8221;on&#8221; global_module=&#8221;7441&#8243;][et_pb_row use_custom_gutter=&#8221;on&#8221; make_equal=&#8221;on&#8221; _builder_version=&#8221;3.0.106&#8243;][et_pb_column type=&#8221;1_4&#8243; _builder_version=&#8221;3.0.47&#8243; parallax=&#8221;off&#8221; parallax_method=&#8221;on&#8221;][et_pb_blurb title=&#8221;Pray&#8221; url=&#8221;https:\/\/centrumdobrejnowiny.pl\/en\/support-us\/pray\/&#8221; image=&#8221;https:\/\/centrumdobrejnowiny.pl\/wp-content\/uploads\/2018\/03\/icon-pray-150&#215;150-white.png&#8221; _builder_version=&#8221;3.0.106&#8243; header_font=&#8221;|600||on|||||&#8221; header_font_size=&#8221;17px&#8221; background_color=&#8221;#a1d3eb&#8221; border_radii=&#8221;on|15px|15px|15px|15px&#8221; border_color_all=&#8221;#379fd3&#8243; box_shadow_style=&#8221;preset3&#8243; text_orientation=&#8221;center&#8221; background_layout=&#8221;dark&#8221; custom_padding=&#8221;20px|20px|20px|20px&#8221; custom_css_blurb_image=&#8221;padding:0;|| margin:0;&#8221;][\/et_pb_blurb][\/et_pb_column][et_pb_column type=&#8221;1_4&#8243; _builder_version=&#8221;3.0.47&#8243; parallax=&#8221;off&#8221; parallax_method=&#8221;on&#8221;][et_pb_blurb title=&#8221;Donate now&#8221; url=&#8221;https:\/\/centrumdobrejnowiny.pl\/en\/support-us\/donate-now\/&#8221; image=&#8221;https:\/\/centrumdobrejnowiny.pl\/wp-content\/uploads\/2018\/04\/heart-money-150&#215;150.png&#8221; image_max_width=&#8221;76%&#8221; _builder_version=&#8221;3.0.106&#8243; header_font=&#8221;|600||on|||||&#8221; header_font_size=&#8221;17px&#8221; background_color=&#8221;#7cc1e3&#8243; border_radii=&#8221;on|15px|15px|15px|15px&#8221; border_color_all=&#8221;#1083c4&#8243; box_shadow_style=&#8221;preset3&#8243; text_orientation=&#8221;center&#8221; background_layout=&#8221;dark&#8221; custom_padding=&#8221;20px|20px|20px|20px&#8221; custom_css_blurb_image=&#8221;padding: 0;||margin: 30px 0 10px;&#8221;][\/et_pb_blurb][\/et_pb_column][et_pb_column type=&#8221;1_4&#8243; _builder_version=&#8221;3.0.47&#8243; parallax=&#8221;off&#8221; parallax_method=&#8221;on&#8221;][et_pb_blurb title=&#8221;Become a volunteer&#8221; url=&#8221;https:\/\/centrumdobrejnowiny.pl\/en\/support-us\/become-a-volunteer\/&#8221; image=&#8221;https:\/\/centrumdobrejnowiny.pl\/wp-content\/uploads\/2018\/03\/icon-heart-150&#215;150-white.png&#8221; _builder_version=&#8221;3.0.106&#8243; header_font=&#8221;|600||on|||||&#8221; header_font_size=&#8221;17px&#8221; background_color=&#8221;#44a7d7&#8243; border_radii=&#8221;on|15px|15px|15px|15px&#8221; border_color_all=&#8221;#379fd3&#8243; box_shadow_style=&#8221;preset3&#8243; text_orientation=&#8221;center&#8221; background_layout=&#8221;dark&#8221; custom_padding=&#8221;20px|20px|20px|20px&#8221; custom_padding_tablet=&#8221;15px|20px|15px|20px&#8221; custom_padding_last_edited=&#8221;on|desktop&#8221; custom_css_blurb_image=&#8221;padding:0;||margin:0;&#8221; locked=&#8221;off&#8221;][\/et_pb_blurb][\/et_pb_column][et_pb_column type=&#8221;1_4&#8243; _builder_version=&#8221;3.0.47&#8243; parallax=&#8221;off&#8221; parallax_method=&#8221;on&#8221;][et_pb_blurb title=&#8221;Become a patron&#8221; url=&#8221;https:\/\/centrumdobrejnowiny.pl\/en\/support-us\/become-a-patron\/&#8221; image=&#8221;https:\/\/centrumdobrejnowiny.pl\/wp-content\/uploads\/2018\/04\/patroni-150&#215;150.png&#8221; _builder_version=&#8221;3.0.106&#8243; header_font=&#8221;|600||on|||||&#8221; header_font_size=&#8221;17px&#8221; background_color=&#8221;#1083c4&#8243; border_radii=&#8221;on|15px|15px|15px|15px&#8221; border_color_all=&#8221;#379fd3&#8243; box_shadow_style=&#8221;preset3&#8243; text_orientation=&#8221;center&#8221; background_layout=&#8221;dark&#8221; custom_padding=&#8221;20px|20px|20px|20px&#8221; custom_padding_tablet=&#8221;25px|20px|20px|20px&#8221; custom_padding_last_edited=&#8221;on|desktop&#8221; custom_css_blurb_image=&#8221;padding:0;||margin:0;&#8221; locked=&#8221;off&#8221;][\/et_pb_blurb][\/et_pb_column][\/et_pb_row][\/et_pb_section]<\/p>\n","protected":false},"excerpt":{"rendered":"<p>\u201eYou did not choose me, no, I chose you; and I commissioned you to go out and to bear fruit, fruit that will last\/\u201d John 15, 16Do you want to PULL HEAVEN DOWN TO EARTH with us? Do you cry out THY KINGDOM COME? God has found a way for that. Would you like to [&hellip;]<\/p>\n","protected":false},"author":1,"featured_media":0,"parent":7221,"menu_order":0,"comment_status":"closed","ping_status":"closed","template":"","meta":{"_et_pb_use_builder":"on","_et_pb_old_content":"","_et_gb_content_width":""},"acf":[],"yoast_head":"<!-- This site is optimized with the Yoast SEO plugin v17.9 - https:\/\/yoast.com\/wordpress\/plugins\/seo\/ -->\n<title>Become a volunteer - centrumdobrejnowiny.pl<\/title>\n<meta name=\"robots\" content=\"index, follow, max-snippet:-1, max-image-preview:large, max-video-preview:-1\" \/>\n<link rel=\"canonical\" href=\"https:\/\/centrumdobrejnowiny.pl\/en\/support-us\/become-a-volunteer\/\" \/>\n<meta property=\"og:locale\" content=\"en_US\" \/>\n<meta property=\"og:type\" content=\"article\" \/>\n<meta property=\"og:title\" content=\"Become a volunteer - centrumdobrejnowiny.pl\" \/>\n<meta property=\"og:description\" content=\"\u201eYou did not choose me, no, I chose you; and I commissioned you to go out and to bear fruit, fruit that will last\/\u201d John 15, 16Do you want to PULL HEAVEN DOWN TO EARTH with us? Do you cry out THY KINGDOM COME? God has found a way for that. Would you like to [&hellip;]\" \/>\n<meta property=\"og:url\" content=\"https:\/\/centrumdobrejnowiny.pl\/en\/support-us\/become-a-volunteer\/\" \/>\n<meta property=\"og:site_name\" content=\"centrumdobrejnowiny.pl\" \/>\n<meta property=\"article:publisher\" content=\"https:\/\/www.facebook.com\/CentrumDobrejNowiny\/?rc=p\" \/>\n<meta property=\"article:modified_time\" content=\"2018-05-20T19:13:19+00:00\" \/>\n<meta property=\"og:image\" content=\"https:\/\/centrumdobrejnowiny.pl\/wp-content\/uploads\/2018\/05\/seo_fb.jpg\" \/>\n\t<meta property=\"og:image:width\" content=\"1200\" \/>\n\t<meta property=\"og:image:height\" content=\"576\" \/>\n\t<meta property=\"og:image:type\" content=\"image\/jpeg\" \/>\n<meta name=\"twitter:card\" content=\"summary_large_image\" \/>\n<meta name=\"twitter:label1\" content=\"Est. reading time\" \/>\n\t<meta name=\"twitter:data1\" content=\"8 minutes\" \/>\n<script type=\"application\/ld+json\" class=\"yoast-schema-graph\">{\"@context\":\"https:\/\/schema.org\",\"@graph\":[{\"@type\":\"WebSite\",\"@id\":\"https:\/\/centrumdobrejnowiny.pl\/en\/#website\",\"url\":\"https:\/\/centrumdobrejnowiny.pl\/en\/\",\"name\":\"centrumdobrejnowiny.pl\",\"description\":\"Budujemy Centrum Dobrej Nowiny\",\"potentialAction\":[{\"@type\":\"SearchAction\",\"target\":{\"@type\":\"EntryPoint\",\"urlTemplate\":\"https:\/\/centrumdobrejnowiny.pl\/en\/?s={search_term_string}\"},\"query-input\":\"required name=search_term_string\"}],\"inLanguage\":\"en-US\"},{\"@type\":\"WebPage\",\"@id\":\"https:\/\/centrumdobrejnowiny.pl\/en\/support-us\/become-a-volunteer\/#webpage\",\"url\":\"https:\/\/centrumdobrejnowiny.pl\/en\/support-us\/become-a-volunteer\/\",\"name\":\"Become a volunteer - centrumdobrejnowiny.pl\",\"isPartOf\":{\"@id\":\"https:\/\/centrumdobrejnowiny.pl\/en\/#website\"},\"datePublished\":\"2018-03-22T00:51:34+00:00\",\"dateModified\":\"2018-05-20T19:13:19+00:00\",\"breadcrumb\":{\"@id\":\"https:\/\/centrumdobrejnowiny.pl\/en\/support-us\/become-a-volunteer\/#breadcrumb\"},\"inLanguage\":\"en-US\",\"potentialAction\":[{\"@type\":\"ReadAction\",\"target\":[\"https:\/\/centrumdobrejnowiny.pl\/en\/support-us\/become-a-volunteer\/\"]}]},{\"@type\":\"BreadcrumbList\",\"@id\":\"https:\/\/centrumdobrejnowiny.pl\/en\/support-us\/become-a-volunteer\/#breadcrumb\",\"itemListElement\":[{\"@type\":\"ListItem\",\"position\":1,\"name\":\"Strona g\\u0142\\u00f3wna\",\"item\":\"https:\/\/centrumdobrejnowiny.pl\/en\/\"},{\"@type\":\"ListItem\",\"position\":2,\"name\":\"Support Us\",\"item\":\"https:\/\/centrumdobrejnowiny.pl\/en\/support-us\/\"},{\"@type\":\"ListItem\",\"position\":3,\"name\":\"Become a volunteer\"}]}]}<\/script>\n<!-- \/ Yoast SEO plugin. -->","yoast_head_json":{"title":"Become a volunteer - centrumdobrejnowiny.pl","robots":{"index":"index","follow":"follow","max-snippet":"max-snippet:-1","max-image-preview":"max-image-preview:large","max-video-preview":"max-video-preview:-1"},"canonical":"https:\/\/centrumdobrejnowiny.pl\/en\/support-us\/become-a-volunteer\/","og_locale":"en_US","og_type":"article","og_title":"Become a volunteer - centrumdobrejnowiny.pl","og_description":"\u201eYou did not choose me, no, I chose you; and I commissioned you to go out and to bear fruit, fruit that will last\/\u201d John 15, 16Do you want to PULL HEAVEN DOWN TO EARTH with us? Do you cry out THY KINGDOM COME? God has found a way for that. Would you like to [&hellip;]","og_url":"https:\/\/centrumdobrejnowiny.pl\/en\/support-us\/become-a-volunteer\/","og_site_name":"centrumdobrejnowiny.pl","article_publisher":"https:\/\/www.facebook.com\/CentrumDobrejNowiny\/?rc=p","article_modified_time":"2018-05-20T19:13:19+00:00","og_image":[{"width":1200,"height":576,"url":"https:\/\/centrumdobrejnowiny.pl\/wp-content\/uploads\/2018\/05\/seo_fb.jpg","type":"image\/jpeg"}],"twitter_card":"summary_large_image","twitter_misc":{"Est. reading time":"8 minutes"},"schema":{"@context":"https:\/\/schema.org","@graph":[{"@type":"WebSite","@id":"https:\/\/centrumdobrejnowiny.pl\/en\/#website","url":"https:\/\/centrumdobrejnowiny.pl\/en\/","name":"centrumdobrejnowiny.pl","description":"Budujemy Centrum Dobrej Nowiny","potentialAction":[{"@type":"SearchAction","target":{"@type":"EntryPoint","urlTemplate":"https:\/\/centrumdobrejnowiny.pl\/en\/?s={search_term_string}"},"query-input":"required name=search_term_string"}],"inLanguage":"en-US"},{"@type":"WebPage","@id":"https:\/\/centrumdobrejnowiny.pl\/en\/support-us\/become-a-volunteer\/#webpage","url":"https:\/\/centrumdobrejnowiny.pl\/en\/support-us\/become-a-volunteer\/","name":"Become a volunteer - centrumdobrejnowiny.pl","isPartOf":{"@id":"https:\/\/centrumdobrejnowiny.pl\/en\/#website"},"datePublished":"2018-03-22T00:51:34+00:00","dateModified":"2018-05-20T19:13:19+00:00","breadcrumb":{"@id":"https:\/\/centrumdobrejnowiny.pl\/en\/support-us\/become-a-volunteer\/#breadcrumb"},"inLanguage":"en-US","potentialAction":[{"@type":"ReadAction","target":["https:\/\/centrumdobrejnowiny.pl\/en\/support-us\/become-a-volunteer\/"]}]},{"@type":"BreadcrumbList","@id":"https:\/\/centrumdobrejnowiny.pl\/en\/support-us\/become-a-volunteer\/#breadcrumb","itemListElement":[{"@type":"ListItem","position":1,"name":"Strona g\u0142\u00f3wna","item":"https:\/\/centrumdobrejnowiny.pl\/en\/"},{"@type":"ListItem","position":2,"name":"Support Us","item":"https:\/\/centrumdobrejnowiny.pl\/en\/support-us\/"},{"@type":"ListItem","position":3,"name":"Become a volunteer"}]}]}},"_links":{"self":[{"href":"https:\/\/centrumdobrejnowiny.pl\/en\/wp-json\/wp\/v2\/pages\/7196"}],"collection":[{"href":"https:\/\/centrumdobrejnowiny.pl\/en\/wp-json\/wp\/v2\/pages"}],"about":[{"href":"https:\/\/centrumdobrejnowiny.pl\/en\/wp-json\/wp\/v2\/types\/page"}],"author":[{"embeddable":true,"href":"https:\/\/centrumdobrejnowiny.pl\/en\/wp-json\/wp\/v2\/users\/1"}],"replies":[{"embeddable":true,"href":"https:\/\/centrumdobrejnowiny.pl\/en\/wp-json\/wp\/v2\/comments?post=7196"}],"version-history":[{"count":31,"href":"https:\/\/centrumdobrejnowiny.pl\/en\/wp-json\/wp\/v2\/pages\/7196\/revisions"}],"predecessor-version":[{"id":9466,"href":"https:\/\/centrumdobrejnowiny.pl\/en\/wp-json\/wp\/v2\/pages\/7196\/revisions\/9466"}],"up":[{"embeddable":true,"href":"https:\/\/centrumdobrejnowiny.pl\/en\/wp-json\/wp\/v2\/pages\/7221"}],"wp:attachment":[{"href":"https:\/\/centrumdobrejnowiny.pl\/en\/wp-json\/wp\/v2\/media?parent=7196"}],"curies":[{"name":"wp","href":"https:\/\/api.w.org\/{rel}","templated":true}]}}